{"id":354,"date":"2021-10-08T12:45:00","date_gmt":"2021-10-08T12:45:00","guid":{"rendered":"https:\/\/seconlearning.com\/Blog\/?page_id=354"},"modified":"2021-10-08T12:45:00","modified_gmt":"2021-10-08T12:45:00","slug":"cursos-dictados-actualmente","status":"publish","type":"page","link":"https:\/\/seconlearning.com\/Blog\/cursos-dictados-actualmente\/","title":{"rendered":"Cursos dictados actualmente"},"content":{"rendered":"\n<p><strong>2021<\/strong><\/p>\n\n\n\n<p>Control autom\u00b4\u00e1tico<\/p>\n\n\n\n<p>Electiva PLC (Controladores L\u00f3gicos Programables)<\/p>\n\n\n\n<p>M\u00e1quinas el\u00e9ctricas<\/p>\n\n\n\n<p>Electr\u00f3nica an\u00e1loga<\/p>\n\n\n\n<p><strong>2020<\/strong><\/p>\n\n\n\n<p>Circuitos AC<\/p>\n\n\n\n<p>Electiva PLC (Controladores L\u00f3gicos Programables)<\/p>\n\n\n\n<p>M\u00e1quinas el\u00e9ctricas<\/p>\n\n\n\n<p>Electr\u00f3nica an\u00e1loga<\/p>\n\n\n\n<p>Neum\u00e1tica<\/p>\n","protected":false},"excerpt":{"rendered":"<p>2021 Control autom\u00b4\u00e1tico Electiva PLC (Controladores L\u00f3gicos Programables) M\u00e1quinas el\u00e9ctricas Electr\u00f3nica an\u00e1loga 2020 Circuitos AC Electiva PLC (Controladores L\u00f3gicos Programables) M\u00e1quinas el\u00e9ctricas Electr\u00f3nica an\u00e1loga Neum\u00e1tica<\/p>\n","protected":false},"author":1,"featured_media":0,"parent":0,"menu_order":0,"comment_status":"closed","ping_status":"closed","template":"","meta":{"footnotes":""},"_links":{"self":[{"href":"https:\/\/seconlearning.com\/Blog\/wp-json\/wp\/v2\/pages\/354"}],"collection":[{"href":"https:\/\/seconlearning.com\/Blog\/wp-json\/wp\/v2\/pages"}],"about":[{"href":"https:\/\/seconlearning.com\/Blog\/wp-json\/wp\/v2\/types\/page"}],"author":[{"embeddable":true,"href":"https:\/\/seconlearning.com\/Blog\/wp-json\/wp\/v2\/users\/1"}],"replies":[{"embeddable":true,"href":"https:\/\/seconlearning.com\/Blog\/wp-json\/wp\/v2\/comments?post=354"}],"version-history":[{"count":1,"href":"https:\/\/seconlearning.com\/Blog\/wp-json\/wp\/v2\/pages\/354\/revisions"}],"predecessor-version":[{"id":355,"href":"https:\/\/seconlearning.com\/Blog\/wp-json\/wp\/v2\/pages\/354\/revisions\/355"}],"wp:attachment":[{"href":"https:\/\/seconlearning.com\/Blog\/wp-json\/wp\/v2\/media?parent=354"}],"curies":[{"name":"wp","href":"https:\/\/api.w.org\/{rel}","templated":true}]}}