{"id":250,"date":"2021-09-29T15:48:47","date_gmt":"2021-09-29T15:48:47","guid":{"rendered":"https:\/\/seconlearning.com\/Blog\/?page_id=250"},"modified":"2021-09-29T15:55:53","modified_gmt":"2021-09-29T15:55:53","slug":"software","status":"publish","type":"page","link":"https:\/\/seconlearning.com\/Blog\/software\/","title":{"rendered":"Software"},"content":{"rendered":"\n<p>A continuaci\u00f3n se relacionan los softwares que he producido y que cuentan con registro ante la Direcci\u00f3n Nacional de Derechos de Autor (DNDA). <\/p>\n\n\n\n<ul><li>RaspyLab V1.0 (2021):  Software de comunicaci\u00f3n entre los nodos del laboratorio remoto <em>smartlabsuniminuto<\/em> (<a href=\"https:\/\/www.smartlabsuniminuto.com\/\" data-type=\"URL\" data-id=\"https:\/\/www.smartlabsuniminuto.com\/\">https:\/\/www.smartlabsuniminuto.com\/<\/a>)<\/li><\/ul>\n\n\n\n<ul><li>EmDroid APP V1.0 (2021): Software de programaci\u00f3n de microcontroladores de manera gr\u00e1fica con soporte en aplicaciones para rob\u00f3tica e Internet de las Cosas (IoT). <\/li><\/ul>\n\n\n\n<ul><li>RaspyLAB Server V1.0 (2021): Software de acceso web al laboratorio remoto <em>smartlabsuniminuto <\/em>(<a href=\"https:\/\/www.smartlabsuniminuto.com\/\" data-type=\"URL\" data-id=\"https:\/\/www.smartlabsuniminuto.com\/\">https:\/\/www.smartlabsuniminuto.com\/<\/a>)<\/li><\/ul>\n\n\n\n<ul><li>DSPICBLOCKS V1.1 (2017):  Software educativo para la programaci\u00f3n de la tecnolog\u00eda dsPIC mediante bloques gr\u00e1ficos. <\/li><\/ul>\n\n\n\n<ul><li>ControlDroid V1.0 (2017):  Software educativo para tablets o celulares para la programaci\u00f3n de controladores cl\u00e1sicos P, PI, PID mediante bloques gr\u00e1ficos. <\/li><\/ul>\n\n\n\n<ul><li>DSPICBLOCKS V1.0 (2016): Software educativo para la programaci\u00f3n de la tecnolog\u00eda dsPIC mediante bloques gr\u00e1ficos.<\/li><\/ul>\n\n\n\n<p><br><\/p>\n","protected":false},"excerpt":{"rendered":"<p>A continuaci\u00f3n se relacionan los softwares que he producido y que cuentan con registro ante la Direcci\u00f3n Nacional de Derechos de Autor (DNDA). RaspyLab V1.0 (2021): Software de comunicaci\u00f3n entre los nodos del laboratorio remoto smartlabsuniminuto (https:\/\/www.smartlabsuniminuto.com\/) EmDroid APP V1.0 (2021): Software de programaci\u00f3n de microcontroladores de manera gr\u00e1fica con soporte en aplicaciones para rob\u00f3tica &hellip; <a href=\"https:\/\/seconlearning.com\/Blog\/software\/\" class=\"more-link\">Continue reading <span class=\"screen-reader-text\">Software<\/span><\/a><\/p>\n","protected":false},"author":1,"featured_media":0,"parent":0,"menu_order":0,"comment_status":"closed","ping_status":"closed","template":"","meta":{"footnotes":""},"_links":{"self":[{"href":"https:\/\/seconlearning.com\/Blog\/wp-json\/wp\/v2\/pages\/250"}],"collection":[{"href":"https:\/\/seconlearning.com\/Blog\/wp-json\/wp\/v2\/pages"}],"about":[{"href":"https:\/\/seconlearning.com\/Blog\/wp-json\/wp\/v2\/types\/page"}],"author":[{"embeddable":true,"href":"https:\/\/seconlearning.com\/Blog\/wp-json\/wp\/v2\/users\/1"}],"replies":[{"embeddable":true,"href":"https:\/\/seconlearning.com\/Blog\/wp-json\/wp\/v2\/comments?post=250"}],"version-history":[{"count":4,"href":"https:\/\/seconlearning.com\/Blog\/wp-json\/wp\/v2\/pages\/250\/revisions"}],"predecessor-version":[{"id":254,"href":"https:\/\/seconlearning.com\/Blog\/wp-json\/wp\/v2\/pages\/250\/revisions\/254"}],"wp:attachment":[{"href":"https:\/\/seconlearning.com\/Blog\/wp-json\/wp\/v2\/media?parent=250"}],"curies":[{"name":"wp","href":"https:\/\/api.w.org\/{rel}","templated":true}]}}